{"id":329,"date":"2023-03-20T09:46:03","date_gmt":"2023-03-20T12:46:03","guid":{"rendered":"https:\/\/qualipaciente.com.br\/?page_id=329"},"modified":"2026-01-16T23:54:59","modified_gmt":"2026-01-17T02:54:59","slug":"mensagem-de-boas-vindas","status":"publish","type":"page","link":"https:\/\/qualipaciente.com.br\/?page_id=329","title":{"rendered":"Mensagem de boas-vindas"},"content":{"rendered":"\t\t<div data-elementor-type=\"wp-page\" data-elementor-id=\"329\" class=\"elementor elementor-329\">\n\t\t\t\t\t\t<section class=\"elementor-section elementor-top-section elementor-element elementor-element-a46232c elementor-section-boxed elementor-section-height-default elementor-section-height-default\" data-id=\"a46232c\" data-element_type=\"section\" data-e-type=\"section\">\n\t\t\t\t\t\t<div class=\"elementor-container elementor-column-gap-default\">\n\t\t\t\t\t<div class=\"elementor-column elementor-col-100 elementor-top-column elementor-element elementor-element-b28be53\" data-id=\"b28be53\" data-element_type=\"column\" data-e-type=\"column\">\n\t\t\t<div class=\"elementor-widget-wrap elementor-element-populated\">\n\t\t\t\t\t\t<div class=\"elementor-element elementor-element-888458a elementor-widget elementor-widget-text-editor\" data-id=\"888458a\" data-element_type=\"widget\" data-e-type=\"widget\" data-widget_type=\"text-editor.default\">\n\t\t\t\t<div class=\"elementor-widget-container\">\n\t\t\t\t\t\t\t\t\t<p>Prezados Congressistas,<\/p><p>\u00c9 com grande satisfa\u00e7\u00e3o que damos as boas-vindas a todos ao III Congresso Norte de Qualidade e Seguran\u00e7a do Paciente 2026, que ser\u00e1 realizado em Manaus, reunindo profissionais comprometidos com a constru\u00e7\u00e3o de sistemas de sa\u00fade mais seguros, humanos e justos.<\/p><p>O eixo central deste ano \u2014 \u201cCultura de Seguran\u00e7a Centrada na Pessoa: um cuidado mais justo, humano e seguro come\u00e7a em mim\u201d \u2014 nos convida a uma reflex\u00e3o profunda sobre o papel de cada profissional na promo\u00e7\u00e3o da seguran\u00e7a do paciente. Mais do que processos, protocolos e indicadores, falamos de atitudes, valores e escolhas cotidianas que impactam diretamente a vida das pessoas que cuidamos e das equipes com quem trabalhamos.<\/p><p>Antes do in\u00edcio oficial do congresso, teremos tamb\u00e9m a realiza\u00e7\u00e3o de atividades e cursos pr\u00e9-congresso, cuidadosamente planejados para aprofundar temas estrat\u00e9gicos e atuais, ampliando ainda mais as oportunidades de aprendizado, troca de experi\u00eancias e desenvolvimento profissional.<\/p><p>Este congresso foi concebido como um espa\u00e7o de di\u00e1logo, constru\u00e7\u00e3o coletiva e inspira\u00e7\u00e3o, onde diferentes olhares se encontram para fortalecer uma cultura de seguran\u00e7a que reconhece o paciente como centro do cuidado e o profissional como agente fundamental dessa transforma\u00e7\u00e3o.<\/p><p>Manaus, com sua diversidade cultural, for\u00e7a humana e riqueza natural, nos acolhe mais uma vez como cen\u00e1rio deste encontro, simbolizando a pluralidade, a resili\u00eancia e a integra\u00e7\u00e3o que tamb\u00e9m desejamos ver refletidas em nossas pr\u00e1ticas assistenciais.<\/p><p>Agradecemos a presen\u00e7a de cada congressista e desejamos que estes dias sejam marcados por aprendizado significativo, conex\u00f5es genu\u00ednas e renova\u00e7\u00e3o do compromisso individual e coletivo com a qualidade e a seguran\u00e7a do cuidado em sa\u00fade.<\/p><p>Sejam todos muito bem-vindos.<\/p><p>Atenciosamente,<\/p><p>Liane Cavalcante<br \/>CEO Qualipaciente<br \/>Presidente da Comiss\u00e3o Organizadora do III Congresso Norte de Qualidade e Seguran\u00e7a do Paciente 2026<\/p>\t\t\t\t\t\t\t\t<\/div>\n\t\t\t\t<\/div>\n\t\t\t\t\t<\/div>\n\t\t<\/div>\n\t\t\t\t\t<\/div>\n\t\t<\/section>\n\t\t\t\t<\/div>\n\t\t","protected":false},"excerpt":{"rendered":"<p>Prezados Congressistas, \u00c9 com grande satisfa\u00e7\u00e3o que damos as boas-vindas a todos ao III Congresso Norte de Qualidade e Seguran\u00e7a do Paciente 2026, que ser\u00e1 realizado em Manaus, reunindo profissionais comprometidos com a constru\u00e7\u00e3o de sistemas de sa\u00fade mais seguros, humanos e justos. O eixo central deste ano \u2014 \u201cCultura de Seguran\u00e7a Centrada na Pessoa: &hellip;<\/p>\n<p class=\"read-more\"> <a class=\"\" href=\"https:\/\/qualipaciente.com.br\/?page_id=329\"> <span class=\"screen-reader-text\">Mensagem de boas-vindas<\/span> Leia mais &raquo;<\/a><\/p>\n","protected":false},"author":1,"featured_media":0,"parent":0,"menu_order":0,"comment_status":"closed","ping_status":"closed","template":"","meta":{"site-sidebar-layout":"no-sidebar","site-content-layout":"page-builder","ast-global-header-display":"","ast-main-header-display":"","ast-hfb-above-header-display":"","ast-hfb-below-header-display":"","ast-hfb-mobile-header-display":"","site-post-title":"disabled","ast-breadcrumbs-content":"","ast-featured-img":"disabled","footer-sml-layout":"","theme-transparent-header-meta":"","adv-header-id-meta":"","stick-header-meta":"","header-above-stick-meta":"","header-main-stick-meta":"","header-below-stick-meta":"","footnotes":""},"class_list":["post-329","page","type-page","status-publish","hentry"],"yoast_head":"<!-- This site is optimized with the Yoast SEO plugin v27.3 - https:\/\/yoast.com\/product\/yoast-seo-wordpress\/ -->\n<title>Mensagem de boas-vindas - qualipaciente<\/title>\n<meta name=\"robots\" content=\"index, follow, max-snippet:-1, max-image-preview:large, max-video-preview:-1\" \/>\n<link rel=\"canonical\" href=\"https:\/\/qualipaciente.com.br\/?page_id=329\" \/>\n<meta property=\"og:locale\" content=\"pt_BR\" \/>\n<meta property=\"og:type\" content=\"article\" \/>\n<meta property=\"og:title\" content=\"Mensagem de boas-vindas - qualipaciente\" \/>\n<meta property=\"og:description\" content=\"Prezados Congressistas, \u00c9 com grande satisfa\u00e7\u00e3o que damos as boas-vindas a todos ao III Congresso Norte de Qualidade e Seguran\u00e7a do Paciente 2026, que ser\u00e1 realizado em Manaus, reunindo profissionais comprometidos com a constru\u00e7\u00e3o de sistemas de sa\u00fade mais seguros, humanos e justos. O eixo central deste ano \u2014 \u201cCultura de Seguran\u00e7a Centrada na Pessoa: &hellip; Mensagem de boas-vindas Leia mais &raquo;\" \/>\n<meta property=\"og:url\" content=\"https:\/\/qualipaciente.com.br\/?page_id=329\" \/>\n<meta property=\"og:site_name\" content=\"qualipaciente\" \/>\n<meta property=\"article:publisher\" content=\"https:\/\/www.facebook.com\/qualipacienteam\" \/>\n<meta property=\"article:modified_time\" content=\"2026-01-17T02:54:59+00:00\" \/>\n<meta name=\"twitter:card\" content=\"summary_large_image\" \/>\n<meta name=\"twitter:label1\" content=\"Est. tempo de leitura\" \/>\n\t<meta name=\"twitter:data1\" content=\"2 minutos\" \/>\n<script type=\"application\/ld+json\" class=\"yoast-schema-graph\">{\"@context\":\"https:\\\/\\\/schema.org\",\"@graph\":[{\"@type\":\"WebPage\",\"@id\":\"https:\\\/\\\/qualipaciente.com.br\\\/?page_id=329\",\"url\":\"https:\\\/\\\/qualipaciente.com.br\\\/?page_id=329\",\"name\":\"Mensagem de boas-vindas - qualipaciente\",\"isPartOf\":{\"@id\":\"https:\\\/\\\/qualipaciente.com.br\\\/#website\"},\"datePublished\":\"2023-03-20T12:46:03+00:00\",\"dateModified\":\"2026-01-17T02:54:59+00:00\",\"breadcrumb\":{\"@id\":\"https:\\\/\\\/qualipaciente.com.br\\\/?page_id=329#breadcrumb\"},\"inLanguage\":\"pt-BR\",\"potentialAction\":[{\"@type\":\"ReadAction\",\"target\":[\"https:\\\/\\\/qualipaciente.com.br\\\/?page_id=329\"]}]},{\"@type\":\"BreadcrumbList\",\"@id\":\"https:\\\/\\\/qualipaciente.com.br\\\/?page_id=329#breadcrumb\",\"itemListElement\":[{\"@type\":\"ListItem\",\"position\":1,\"name\":\"In\u00edcio\",\"item\":\"https:\\\/\\\/qualipaciente.com.br\\\/\"},{\"@type\":\"ListItem\",\"position\":2,\"name\":\"Mensagem de boas-vindas\"}]},{\"@type\":\"WebSite\",\"@id\":\"https:\\\/\\\/qualipaciente.com.br\\\/#website\",\"url\":\"https:\\\/\\\/qualipaciente.com.br\\\/\",\"name\":\"qualipaciente\",\"description\":\"\",\"publisher\":{\"@id\":\"https:\\\/\\\/qualipaciente.com.br\\\/#organization\"},\"potentialAction\":[{\"@type\":\"SearchAction\",\"target\":{\"@type\":\"EntryPoint\",\"urlTemplate\":\"https:\\\/\\\/qualipaciente.com.br\\\/?s={search_term_string}\"},\"query-input\":{\"@type\":\"PropertyValueSpecification\",\"valueRequired\":true,\"valueName\":\"search_term_string\"}}],\"inLanguage\":\"pt-BR\"},{\"@type\":\"Organization\",\"@id\":\"https:\\\/\\\/qualipaciente.com.br\\\/#organization\",\"name\":\"QualiPaciente AM\",\"url\":\"https:\\\/\\\/qualipaciente.com.br\\\/\",\"logo\":{\"@type\":\"ImageObject\",\"inLanguage\":\"pt-BR\",\"@id\":\"https:\\\/\\\/qualipaciente.com.br\\\/#\\\/schema\\\/logo\\\/image\\\/\",\"url\":\"https:\\\/\\\/qualipaciente.com.br\\\/wp-content\\\/uploads\\\/2023\\\/03\\\/cropped-Logo-sem-fundo.png\",\"contentUrl\":\"https:\\\/\\\/qualipaciente.com.br\\\/wp-content\\\/uploads\\\/2023\\\/03\\\/cropped-Logo-sem-fundo.png\",\"width\":1175,\"height\":373,\"caption\":\"QualiPaciente AM\"},\"image\":{\"@id\":\"https:\\\/\\\/qualipaciente.com.br\\\/#\\\/schema\\\/logo\\\/image\\\/\"},\"sameAs\":[\"https:\\\/\\\/www.facebook.com\\\/qualipacienteam\",\"https:\\\/\\\/www.instagram.com\\\/qualipacienteam\\\/\",\"https:\\\/\\\/www.linkedin.com\\\/company\\\/qualipaciente\"]}]}<\/script>\n<!-- \/ Yoast SEO plugin. -->","yoast_head_json":{"title":"Mensagem de boas-vindas - qualipaciente","robots":{"index":"index","follow":"follow","max-snippet":"max-snippet:-1","max-image-preview":"max-image-preview:large","max-video-preview":"max-video-preview:-1"},"canonical":"https:\/\/qualipaciente.com.br\/?page_id=329","og_locale":"pt_BR","og_type":"article","og_title":"Mensagem de boas-vindas - qualipaciente","og_description":"Prezados Congressistas, \u00c9 com grande satisfa\u00e7\u00e3o que damos as boas-vindas a todos ao III Congresso Norte de Qualidade e Seguran\u00e7a do Paciente 2026, que ser\u00e1 realizado em Manaus, reunindo profissionais comprometidos com a constru\u00e7\u00e3o de sistemas de sa\u00fade mais seguros, humanos e justos. O eixo central deste ano \u2014 \u201cCultura de Seguran\u00e7a Centrada na Pessoa: &hellip; Mensagem de boas-vindas Leia mais &raquo;","og_url":"https:\/\/qualipaciente.com.br\/?page_id=329","og_site_name":"qualipaciente","article_publisher":"https:\/\/www.facebook.com\/qualipacienteam","article_modified_time":"2026-01-17T02:54:59+00:00","twitter_card":"summary_large_image","twitter_misc":{"Est. tempo de leitura":"2 minutos"},"schema":{"@context":"https:\/\/schema.org","@graph":[{"@type":"WebPage","@id":"https:\/\/qualipaciente.com.br\/?page_id=329","url":"https:\/\/qualipaciente.com.br\/?page_id=329","name":"Mensagem de boas-vindas - qualipaciente","isPartOf":{"@id":"https:\/\/qualipaciente.com.br\/#website"},"datePublished":"2023-03-20T12:46:03+00:00","dateModified":"2026-01-17T02:54:59+00:00","breadcrumb":{"@id":"https:\/\/qualipaciente.com.br\/?page_id=329#breadcrumb"},"inLanguage":"pt-BR","potentialAction":[{"@type":"ReadAction","target":["https:\/\/qualipaciente.com.br\/?page_id=329"]}]},{"@type":"BreadcrumbList","@id":"https:\/\/qualipaciente.com.br\/?page_id=329#breadcrumb","itemListElement":[{"@type":"ListItem","position":1,"name":"In\u00edcio","item":"https:\/\/qualipaciente.com.br\/"},{"@type":"ListItem","position":2,"name":"Mensagem de boas-vindas"}]},{"@type":"WebSite","@id":"https:\/\/qualipaciente.com.br\/#website","url":"https:\/\/qualipaciente.com.br\/","name":"qualipaciente","description":"","publisher":{"@id":"https:\/\/qualipaciente.com.br\/#organization"},"potentialAction":[{"@type":"SearchAction","target":{"@type":"EntryPoint","urlTemplate":"https:\/\/qualipaciente.com.br\/?s={search_term_string}"},"query-input":{"@type":"PropertyValueSpecification","valueRequired":true,"valueName":"search_term_string"}}],"inLanguage":"pt-BR"},{"@type":"Organization","@id":"https:\/\/qualipaciente.com.br\/#organization","name":"QualiPaciente AM","url":"https:\/\/qualipaciente.com.br\/","logo":{"@type":"ImageObject","inLanguage":"pt-BR","@id":"https:\/\/qualipaciente.com.br\/#\/schema\/logo\/image\/","url":"https:\/\/qualipaciente.com.br\/wp-content\/uploads\/2023\/03\/cropped-Logo-sem-fundo.png","contentUrl":"https:\/\/qualipaciente.com.br\/wp-content\/uploads\/2023\/03\/cropped-Logo-sem-fundo.png","width":1175,"height":373,"caption":"QualiPaciente AM"},"image":{"@id":"https:\/\/qualipaciente.com.br\/#\/schema\/logo\/image\/"},"sameAs":["https:\/\/www.facebook.com\/qualipacienteam","https:\/\/www.instagram.com\/qualipacienteam\/","https:\/\/www.linkedin.com\/company\/qualipaciente"]}]}},"_links":{"self":[{"href":"https:\/\/qualipaciente.com.br\/index.php?rest_route=\/wp\/v2\/pages\/329","targetHints":{"allow":["GET"]}}],"collection":[{"href":"https:\/\/qualipaciente.com.br\/index.php?rest_route=\/wp\/v2\/pages"}],"about":[{"href":"https:\/\/qualipaciente.com.br\/index.php?rest_route=\/wp\/v2\/types\/page"}],"author":[{"embeddable":true,"href":"https:\/\/qualipaciente.com.br\/index.php?rest_route=\/wp\/v2\/users\/1"}],"replies":[{"embeddable":true,"href":"https:\/\/qualipaciente.com.br\/index.php?rest_route=%2Fwp%2Fv2%2Fcomments&post=329"}],"version-history":[{"count":13,"href":"https:\/\/qualipaciente.com.br\/index.php?rest_route=\/wp\/v2\/pages\/329\/revisions"}],"predecessor-version":[{"id":1012,"href":"https:\/\/qualipaciente.com.br\/index.php?rest_route=\/wp\/v2\/pages\/329\/revisions\/1012"}],"wp:attachment":[{"href":"https:\/\/qualipaciente.com.br\/index.php?rest_route=%2Fwp%2Fv2%2Fmedia&parent=329"}],"curies":[{"name":"wp","href":"https:\/\/api.w.org\/{rel}","templated":true}]}}