{"id":514,"date":"2023-07-10T13:09:16","date_gmt":"2023-07-10T16:09:16","guid":{"rendered":"https:\/\/qualipaciente.com.br\/?page_id=514"},"modified":"2026-02-06T18:35:48","modified_gmt":"2026-02-06T21:35:48","slug":"comissao-cientifica","status":"publish","type":"page","link":"https:\/\/qualipaciente.com.br\/?page_id=514","title":{"rendered":"Comiss\u00e3o Cient\u00edfica"},"content":{"rendered":"\t\t<div data-elementor-type=\"wp-page\" data-elementor-id=\"514\" class=\"elementor elementor-514\">\n\t\t\t\t\t\t<section class=\"elementor-section elementor-top-section elementor-element elementor-element-4ef924a elementor-section-boxed elementor-section-height-default elementor-section-height-default\" data-id=\"4ef924a\" data-element_type=\"section\" data-e-type=\"section\">\n\t\t\t\t\t\t<div class=\"elementor-container elementor-column-gap-default\">\n\t\t\t\t\t<div class=\"elementor-column elementor-col-100 elementor-top-column elementor-element elementor-element-9bd7611\" data-id=\"9bd7611\" data-element_type=\"column\" data-e-type=\"column\">\n\t\t\t<div class=\"elementor-widget-wrap\">\n\t\t\t\t\t\t\t<\/div>\n\t\t<\/div>\n\t\t\t\t\t<\/div>\n\t\t<\/section>\n\t\t\t\t<section class=\"elementor-section elementor-top-section elementor-element elementor-element-7d02a50 elementor-section-boxed elementor-section-height-default elementor-section-height-default\" data-id=\"7d02a50\" data-element_type=\"section\" data-e-type=\"section\">\n\t\t\t\t\t\t<div class=\"elementor-container elementor-column-gap-default\">\n\t\t\t\t\t<div class=\"elementor-column elementor-col-100 elementor-top-column elementor-element elementor-element-0056eea\" data-id=\"0056eea\" data-element_type=\"column\" data-e-type=\"column\">\n\t\t\t<div class=\"elementor-widget-wrap elementor-element-populated\">\n\t\t\t\t\t\t<div class=\"elementor-element elementor-element-2ab5d4a elementor-widget elementor-widget-heading\" data-id=\"2ab5d4a\" data-element_type=\"widget\" data-e-type=\"widget\" data-widget_type=\"heading.default\">\n\t\t\t\t<div class=\"elementor-widget-container\">\n\t\t\t\t\t<h4 class=\"elementor-heading-title elementor-size-default\">Comiss\u00e3o Cient\u00edfica  <\/h4>\t\t\t\t<\/div>\n\t\t\t\t<\/div>\n\t\t\t\t\t<\/div>\n\t\t<\/div>\n\t\t\t\t\t<\/div>\n\t\t<\/section>\n\t\t\t\t<section class=\"elementor-section elementor-top-section elementor-element elementor-element-a92e432 elementor-section-content-top elementor-section-boxed elementor-section-height-default elementor-section-height-default\" data-id=\"a92e432\" data-element_type=\"section\" data-e-type=\"section\">\n\t\t\t\t\t\t<div class=\"elementor-container elementor-column-gap-no\">\n\t\t\t\t\t<div class=\"elementor-column elementor-col-33 elementor-top-column elementor-element elementor-element-7a880b8\" data-id=\"7a880b8\" data-element_type=\"column\" data-e-type=\"column\">\n\t\t\t<div class=\"elementor-widget-wrap elementor-element-populated\">\n\t\t\t\t\t\t<div class=\"elementor-element elementor-element-02d2a5a elementor-widget elementor-widget-image\" data-id=\"02d2a5a\" data-element_type=\"widget\" data-e-type=\"widget\" data-widget_type=\"image.default\">\n\t\t\t\t<div class=\"elementor-widget-container\">\n\t\t\t\t\t\t\t\t\t\t\t\t\t\t\t<img fetchpriority=\"high\" decoding=\"async\" width=\"768\" height=\"768\" src=\"https:\/\/qualipaciente.com.br\/wp-content\/uploads\/2026\/01\/Liane.jpg\" class=\"elementor-animation-grow attachment-medium_large size-medium_large wp-image-1018\" alt=\"\" srcset=\"https:\/\/qualipaciente.com.br\/wp-content\/uploads\/2026\/01\/Liane.jpg 768w, https:\/\/qualipaciente.com.br\/wp-content\/uploads\/2026\/01\/Liane-300x300.jpg 300w, https:\/\/qualipaciente.com.br\/wp-content\/uploads\/2026\/01\/Liane-150x150.jpg 150w, https:\/\/qualipaciente.com.br\/wp-content\/uploads\/2026\/01\/Liane-600x600.jpg 600w, https:\/\/qualipaciente.com.br\/wp-content\/uploads\/2026\/01\/Liane-100x100.jpg 100w\" sizes=\"(max-width: 768px) 100vw, 768px\" \/>\t\t\t\t\t\t\t\t\t\t\t\t\t\t\t<\/div>\n\t\t\t\t<\/div>\n\t\t\t\t<div class=\"elementor-element elementor-element-7ea57e0 elementor-widget elementor-widget-text-editor\" data-id=\"7ea57e0\" data-element_type=\"widget\" data-e-type=\"widget\" data-widget_type=\"text-editor.default\">\n\t\t\t\t<div class=\"elementor-widget-container\">\n\t\t\t\t\t\t\t\t\t<p><b>Liane de Oliveira Cavalcante\u00a0\u00a0<\/b><\/p><p>CEO e diretora executiva QUALIPACIENTE\u00a0AM<\/p>\t\t\t\t\t\t\t\t<\/div>\n\t\t\t\t<\/div>\n\t\t\t\t\t<\/div>\n\t\t<\/div>\n\t\t\t\t<div class=\"elementor-column elementor-col-33 elementor-top-column elementor-element elementor-element-56a6405\" data-id=\"56a6405\" data-element_type=\"column\" data-e-type=\"column\">\n\t\t\t<div class=\"elementor-widget-wrap elementor-element-populated\">\n\t\t\t\t\t\t<div class=\"elementor-element elementor-element-698b788 elementor-widget elementor-widget-image\" data-id=\"698b788\" data-element_type=\"widget\" data-e-type=\"widget\" data-widget_type=\"image.default\">\n\t\t\t\t<div class=\"elementor-widget-container\">\n\t\t\t\t\t\t\t\t\t\t\t\t\t\t\t<img decoding=\"async\" width=\"1024\" height=\"1024\" src=\"https:\/\/qualipaciente.com.br\/wp-content\/uploads\/2023\/03\/Gilvane-Lolato-1024x1024.jpg\" class=\"elementor-animation-grow attachment-large size-large wp-image-147\" alt=\"\" srcset=\"https:\/\/qualipaciente.com.br\/wp-content\/uploads\/2023\/03\/Gilvane-Lolato-1024x1024.jpg 1024w, https:\/\/qualipaciente.com.br\/wp-content\/uploads\/2023\/03\/Gilvane-Lolato-300x300.jpg 300w, https:\/\/qualipaciente.com.br\/wp-content\/uploads\/2023\/03\/Gilvane-Lolato-scaled-100x100.jpg 100w, https:\/\/qualipaciente.com.br\/wp-content\/uploads\/2023\/03\/Gilvane-Lolato-scaled-600x600.jpg 600w, https:\/\/qualipaciente.com.br\/wp-content\/uploads\/2023\/03\/Gilvane-Lolato-150x150.jpg 150w, https:\/\/qualipaciente.com.br\/wp-content\/uploads\/2023\/03\/Gilvane-Lolato-768x768.jpg 768w, https:\/\/qualipaciente.com.br\/wp-content\/uploads\/2023\/03\/Gilvane-Lolato-1536x1536.jpg 1536w, https:\/\/qualipaciente.com.br\/wp-content\/uploads\/2023\/03\/Gilvane-Lolato-2048x2048.jpg 2048w\" sizes=\"(max-width: 1024px) 100vw, 1024px\" \/>\t\t\t\t\t\t\t\t\t\t\t\t\t\t\t<\/div>\n\t\t\t\t<\/div>\n\t\t\t\t<div class=\"elementor-element elementor-element-daa1a9c elementor-widget elementor-widget-text-editor\" data-id=\"daa1a9c\" data-element_type=\"widget\" data-e-type=\"widget\" data-widget_type=\"text-editor.default\">\n\t\t\t\t<div class=\"elementor-widget-container\">\n\t\t\t\t\t\t\t\t\t<p><b>Gilvane Lolato<\/b><\/p><p>Gerente operacional ONA<\/p>\t\t\t\t\t\t\t\t<\/div>\n\t\t\t\t<\/div>\n\t\t\t\t\t<\/div>\n\t\t<\/div>\n\t\t\t\t<div class=\"elementor-column elementor-col-33 elementor-top-column elementor-element elementor-element-c8ec50d\" data-id=\"c8ec50d\" data-element_type=\"column\" data-e-type=\"column\">\n\t\t\t<div class=\"elementor-widget-wrap elementor-element-populated\">\n\t\t\t\t\t\t<div class=\"elementor-element elementor-element-a2c8136 elementor-widget elementor-widget-image\" data-id=\"a2c8136\" data-element_type=\"widget\" data-e-type=\"widget\" data-widget_type=\"image.default\">\n\t\t\t\t<div class=\"elementor-widget-container\">\n\t\t\t\t\t\t\t\t\t\t\t\t\t\t\t<img decoding=\"async\" width=\"1024\" height=\"1024\" src=\"https:\/\/qualipaciente.com.br\/wp-content\/uploads\/2026\/01\/paola.jpg\" class=\"elementor-animation-grow attachment-large size-large wp-image-1014\" alt=\"\" srcset=\"https:\/\/qualipaciente.com.br\/wp-content\/uploads\/2026\/01\/paola.jpg 1024w, https:\/\/qualipaciente.com.br\/wp-content\/uploads\/2026\/01\/paola-300x300.jpg 300w, https:\/\/qualipaciente.com.br\/wp-content\/uploads\/2026\/01\/paola-150x150.jpg 150w, https:\/\/qualipaciente.com.br\/wp-content\/uploads\/2026\/01\/paola-768x768.jpg 768w, https:\/\/qualipaciente.com.br\/wp-content\/uploads\/2026\/01\/paola-600x600.jpg 600w, https:\/\/qualipaciente.com.br\/wp-content\/uploads\/2026\/01\/paola-100x100.jpg 100w\" sizes=\"(max-width: 1024px) 100vw, 1024px\" \/>\t\t\t\t\t\t\t\t\t\t\t\t\t\t\t<\/div>\n\t\t\t\t<\/div>\n\t\t\t\t<div class=\"elementor-element elementor-element-b95c45a elementor-widget elementor-widget-text-editor\" data-id=\"b95c45a\" data-element_type=\"widget\" data-e-type=\"widget\" data-widget_type=\"text-editor.default\">\n\t\t\t\t<div class=\"elementor-widget-container\">\n\t\t\t\t\t\t\t\t\t<p><b>Paola Andreoli<\/b><\/p><p>Presidente da Sobrasp<br \/>Consultora e docente de Gest\u00e3o e Governan\u00e7a da Qualidade e Seguran\u00e7a em Sa\u00fade<\/p>\t\t\t\t\t\t\t\t<\/div>\n\t\t\t\t<\/div>\n\t\t\t\t\t<\/div>\n\t\t<\/div>\n\t\t\t\t\t<\/div>\n\t\t<\/section>\n\t\t\t\t<section class=\"elementor-section elementor-top-section elementor-element elementor-element-204c9e6 elementor-section-content-top elementor-section-boxed elementor-section-height-default elementor-section-height-default\" data-id=\"204c9e6\" data-element_type=\"section\" data-e-type=\"section\">\n\t\t\t\t\t\t<div class=\"elementor-container elementor-column-gap-no\">\n\t\t\t\t\t<div class=\"elementor-column elementor-col-33 elementor-top-column elementor-element elementor-element-00a66e3\" data-id=\"00a66e3\" data-element_type=\"column\" data-e-type=\"column\">\n\t\t\t<div class=\"elementor-widget-wrap elementor-element-populated\">\n\t\t\t\t\t\t<div class=\"elementor-element elementor-element-6cc837d elementor-widget elementor-widget-image\" data-id=\"6cc837d\" data-element_type=\"widget\" data-e-type=\"widget\" data-widget_type=\"image.default\">\n\t\t\t\t<div class=\"elementor-widget-container\">\n\t\t\t\t\t\t\t\t\t\t\t\t\t\t\t<img loading=\"lazy\" decoding=\"async\" width=\"768\" height=\"768\" src=\"https:\/\/qualipaciente.com.br\/wp-content\/uploads\/2026\/02\/Brunaa.jpg\" class=\"elementor-animation-grow attachment-large size-large wp-image-1067\" alt=\"\" srcset=\"https:\/\/qualipaciente.com.br\/wp-content\/uploads\/2026\/02\/Brunaa.jpg 768w, https:\/\/qualipaciente.com.br\/wp-content\/uploads\/2026\/02\/Brunaa-300x300.jpg 300w, https:\/\/qualipaciente.com.br\/wp-content\/uploads\/2026\/02\/Brunaa-150x150.jpg 150w, https:\/\/qualipaciente.com.br\/wp-content\/uploads\/2026\/02\/Brunaa-600x600.jpg 600w, https:\/\/qualipaciente.com.br\/wp-content\/uploads\/2026\/02\/Brunaa-100x100.jpg 100w\" sizes=\"(max-width: 768px) 100vw, 768px\" \/>\t\t\t\t\t\t\t\t\t\t\t\t\t\t\t<\/div>\n\t\t\t\t<\/div>\n\t\t\t\t<div class=\"elementor-element elementor-element-ea9bd50 elementor-widget elementor-widget-text-editor\" data-id=\"ea9bd50\" data-element_type=\"widget\" data-e-type=\"widget\" data-widget_type=\"text-editor.default\">\n\t\t\t\t<div class=\"elementor-widget-container\">\n\t\t\t\t\t\t\t\t\t<p><strong>Bruna Monteiro Rodrigues<\/strong><\/p><p>Farmac\u00eautica. Mestre em Sa\u00fade, Sociedade e Endemias na Amaz\u00f4nia. Chefe da Unidade de Gest\u00e3o da Pesquisa do HUGV-Ufam\/Ebserh<\/p>\t\t\t\t\t\t\t\t<\/div>\n\t\t\t\t<\/div>\n\t\t\t\t\t<\/div>\n\t\t<\/div>\n\t\t\t\t<div class=\"elementor-column elementor-col-33 elementor-top-column elementor-element elementor-element-f5cbbee\" data-id=\"f5cbbee\" data-element_type=\"column\" data-e-type=\"column\">\n\t\t\t<div class=\"elementor-widget-wrap elementor-element-populated\">\n\t\t\t\t\t\t<div class=\"elementor-element elementor-element-e43e587 elementor-widget elementor-widget-image\" data-id=\"e43e587\" data-element_type=\"widget\" data-e-type=\"widget\" data-widget_type=\"image.default\">\n\t\t\t\t<div class=\"elementor-widget-container\">\n\t\t\t\t\t\t\t\t\t\t\t\t\t\t\t<img loading=\"lazy\" decoding=\"async\" width=\"777\" height=\"777\" src=\"https:\/\/qualipaciente.com.br\/wp-content\/uploads\/2026\/01\/Allan-Kern.jpg\" class=\"elementor-animation-grow attachment-large size-large wp-image-1042\" alt=\"\" srcset=\"https:\/\/qualipaciente.com.br\/wp-content\/uploads\/2026\/01\/Allan-Kern.jpg 777w, https:\/\/qualipaciente.com.br\/wp-content\/uploads\/2026\/01\/Allan-Kern-300x300.jpg 300w, https:\/\/qualipaciente.com.br\/wp-content\/uploads\/2026\/01\/Allan-Kern-150x150.jpg 150w, https:\/\/qualipaciente.com.br\/wp-content\/uploads\/2026\/01\/Allan-Kern-768x768.jpg 768w, https:\/\/qualipaciente.com.br\/wp-content\/uploads\/2026\/01\/Allan-Kern-600x600.jpg 600w, https:\/\/qualipaciente.com.br\/wp-content\/uploads\/2026\/01\/Allan-Kern-100x100.jpg 100w\" sizes=\"(max-width: 777px) 100vw, 777px\" \/>\t\t\t\t\t\t\t\t\t\t\t\t\t\t\t<\/div>\n\t\t\t\t<\/div>\n\t\t\t\t<div class=\"elementor-element elementor-element-1c2749a elementor-widget elementor-widget-text-editor\" data-id=\"1c2749a\" data-element_type=\"widget\" data-e-type=\"widget\" data-widget_type=\"text-editor.default\">\n\t\t\t\t<div class=\"elementor-widget-container\">\n\t\t\t\t\t\t\t\t\t<p><b>Allan Kern\u00a0<\/b><\/p><p>Presidente &#8211; S\u00f3cio-diretor da Allan Kern Treinamento e Consultoria em Sa\u00fade.<\/p>\t\t\t\t\t\t\t\t<\/div>\n\t\t\t\t<\/div>\n\t\t\t\t\t<\/div>\n\t\t<\/div>\n\t\t\t\t<div class=\"elementor-column elementor-col-33 elementor-top-column elementor-element elementor-element-9c813e3\" data-id=\"9c813e3\" data-element_type=\"column\" data-e-type=\"column\">\n\t\t\t<div class=\"elementor-widget-wrap elementor-element-populated\">\n\t\t\t\t\t\t<div class=\"elementor-element elementor-element-478e166 elementor-widget elementor-widget-image\" data-id=\"478e166\" data-element_type=\"widget\" data-e-type=\"widget\" data-widget_type=\"image.default\">\n\t\t\t\t<div class=\"elementor-widget-container\">\n\t\t\t\t\t\t\t\t\t\t\t\t\t\t\t<img loading=\"lazy\" decoding=\"async\" width=\"1024\" height=\"1024\" src=\"https:\/\/qualipaciente.com.br\/wp-content\/uploads\/2023\/03\/Pericles-Goes-1024x1024.jpg\" class=\"elementor-animation-grow attachment-large size-large wp-image-142\" alt=\"\" srcset=\"https:\/\/qualipaciente.com.br\/wp-content\/uploads\/2023\/03\/Pericles-Goes-1024x1024.jpg 1024w, https:\/\/qualipaciente.com.br\/wp-content\/uploads\/2023\/03\/Pericles-Goes-300x300.jpg 300w, https:\/\/qualipaciente.com.br\/wp-content\/uploads\/2023\/03\/Pericles-Goes-scaled-100x100.jpg 100w, https:\/\/qualipaciente.com.br\/wp-content\/uploads\/2023\/03\/Pericles-Goes-scaled-600x600.jpg 600w, https:\/\/qualipaciente.com.br\/wp-content\/uploads\/2023\/03\/Pericles-Goes-150x150.jpg 150w, https:\/\/qualipaciente.com.br\/wp-content\/uploads\/2023\/03\/Pericles-Goes-768x768.jpg 768w, https:\/\/qualipaciente.com.br\/wp-content\/uploads\/2023\/03\/Pericles-Goes-1536x1536.jpg 1536w, https:\/\/qualipaciente.com.br\/wp-content\/uploads\/2023\/03\/Pericles-Goes-2048x2048.jpg 2048w\" sizes=\"(max-width: 1024px) 100vw, 1024px\" \/>\t\t\t\t\t\t\t\t\t\t\t\t\t\t\t<\/div>\n\t\t\t\t<\/div>\n\t\t\t\t<div class=\"elementor-element elementor-element-816eaeb elementor-widget elementor-widget-text-editor\" data-id=\"816eaeb\" data-element_type=\"widget\" data-e-type=\"widget\" data-widget_type=\"text-editor.default\">\n\t\t\t\t<div class=\"elementor-widget-container\">\n\t\t\t\t\t\t\t\t\t<p><b>P\u00e9ricles G\u00f3es\u00a0<\/b><\/p><p>Superintendente T\u00e9cnico\u00a0&#8211; ONA<\/p>\t\t\t\t\t\t\t\t<\/div>\n\t\t\t\t<\/div>\n\t\t\t\t\t<\/div>\n\t\t<\/div>\n\t\t\t\t\t<\/div>\n\t\t<\/section>\n\t\t\t\t<\/div>\n\t\t","protected":false},"excerpt":{"rendered":"<p>Comiss\u00e3o Cient\u00edfica Liane de Oliveira Cavalcante\u00a0\u00a0 CEO e diretora executiva QUALIPACIENTE\u00a0AM Gilvane Lolato Gerente operacional ONA Paola Andreoli Presidente da SobraspConsultora e docente de Gest\u00e3o e Governan\u00e7a da Qualidade e Seguran\u00e7a em Sa\u00fade Bruna Monteiro Rodrigues Farmac\u00eautica. Mestre em Sa\u00fade, Sociedade e Endemias na Amaz\u00f4nia. Chefe da Unidade de Gest\u00e3o da Pesquisa do HUGV-Ufam\/Ebserh Allan &hellip;<\/p>\n<p class=\"read-more\"> <a class=\"\" href=\"https:\/\/qualipaciente.com.br\/?page_id=514\"> <span class=\"screen-reader-text\">Comiss\u00e3o Cient\u00edfica<\/span> Leia mais &raquo;<\/a><\/p>\n","protected":false},"author":1,"featured_media":0,"parent":0,"menu_order":0,"comment_status":"closed","ping_status":"closed","template":"","meta":{"site-sidebar-layout":"no-sidebar","site-content-layout":"page-builder","ast-global-header-display":"","ast-main-header-display":"","ast-hfb-above-header-display":"","ast-hfb-below-header-display":"","ast-hfb-mobile-header-display":"","site-post-title":"disabled","ast-breadcrumbs-content":"","ast-featured-img":"disabled","footer-sml-layout":"","theme-transparent-header-meta":"","adv-header-id-meta":"","stick-header-meta":"","header-above-stick-meta":"","header-main-stick-meta":"","header-below-stick-meta":"","footnotes":""},"class_list":["post-514","page","type-page","status-publish","hentry"],"yoast_head":"<!-- This site is optimized with the Yoast SEO plugin v27.3 - https:\/\/yoast.com\/product\/yoast-seo-wordpress\/ -->\n<title>Comiss\u00e3o Cient\u00edfica - qualipaciente<\/title>\n<meta name=\"robots\" content=\"index, follow, max-snippet:-1, max-image-preview:large, max-video-preview:-1\" \/>\n<link rel=\"canonical\" href=\"https:\/\/qualipaciente.com.br\/?page_id=514\" \/>\n<meta property=\"og:locale\" content=\"pt_BR\" \/>\n<meta property=\"og:type\" content=\"article\" \/>\n<meta property=\"og:title\" content=\"Comiss\u00e3o Cient\u00edfica - qualipaciente\" \/>\n<meta property=\"og:description\" content=\"Comiss\u00e3o Cient\u00edfica Liane de Oliveira Cavalcante\u00a0\u00a0 CEO e diretora executiva QUALIPACIENTE\u00a0AM Gilvane Lolato Gerente operacional ONA Paola Andreoli Presidente da SobraspConsultora e docente de Gest\u00e3o e Governan\u00e7a da Qualidade e Seguran\u00e7a em Sa\u00fade Bruna Monteiro Rodrigues Farmac\u00eautica. Mestre em Sa\u00fade, Sociedade e Endemias na Amaz\u00f4nia. Chefe da Unidade de Gest\u00e3o da Pesquisa do HUGV-Ufam\/Ebserh Allan &hellip; Comiss\u00e3o Cient\u00edfica Leia mais &raquo;\" \/>\n<meta property=\"og:url\" content=\"https:\/\/qualipaciente.com.br\/?page_id=514\" \/>\n<meta property=\"og:site_name\" content=\"qualipaciente\" \/>\n<meta property=\"article:publisher\" content=\"https:\/\/www.facebook.com\/qualipacienteam\" \/>\n<meta property=\"article:modified_time\" content=\"2026-02-06T21:35:48+00:00\" \/>\n<meta property=\"og:image\" content=\"http:\/\/qualipaciente.com.br\/wp-content\/uploads\/2026\/01\/Liane.jpg\" \/>\n<meta name=\"twitter:card\" content=\"summary_large_image\" \/>\n<meta name=\"twitter:label1\" content=\"Est. tempo de leitura\" \/>\n\t<meta name=\"twitter:data1\" content=\"2 minutos\" \/>\n<script type=\"application\/ld+json\" class=\"yoast-schema-graph\">{\"@context\":\"https:\\\/\\\/schema.org\",\"@graph\":[{\"@type\":\"WebPage\",\"@id\":\"https:\\\/\\\/qualipaciente.com.br\\\/?page_id=514\",\"url\":\"https:\\\/\\\/qualipaciente.com.br\\\/?page_id=514\",\"name\":\"Comiss\u00e3o Cient\u00edfica - qualipaciente\",\"isPartOf\":{\"@id\":\"https:\\\/\\\/qualipaciente.com.br\\\/#website\"},\"primaryImageOfPage\":{\"@id\":\"https:\\\/\\\/qualipaciente.com.br\\\/?page_id=514#primaryimage\"},\"image\":{\"@id\":\"https:\\\/\\\/qualipaciente.com.br\\\/?page_id=514#primaryimage\"},\"thumbnailUrl\":\"http:\\\/\\\/qualipaciente.com.br\\\/wp-content\\\/uploads\\\/2026\\\/01\\\/Liane.jpg\",\"datePublished\":\"2023-07-10T16:09:16+00:00\",\"dateModified\":\"2026-02-06T21:35:48+00:00\",\"breadcrumb\":{\"@id\":\"https:\\\/\\\/qualipaciente.com.br\\\/?page_id=514#breadcrumb\"},\"inLanguage\":\"pt-BR\",\"potentialAction\":[{\"@type\":\"ReadAction\",\"target\":[\"https:\\\/\\\/qualipaciente.com.br\\\/?page_id=514\"]}]},{\"@type\":\"ImageObject\",\"inLanguage\":\"pt-BR\",\"@id\":\"https:\\\/\\\/qualipaciente.com.br\\\/?page_id=514#primaryimage\",\"url\":\"https:\\\/\\\/qualipaciente.com.br\\\/wp-content\\\/uploads\\\/2026\\\/01\\\/Liane.jpg\",\"contentUrl\":\"https:\\\/\\\/qualipaciente.com.br\\\/wp-content\\\/uploads\\\/2026\\\/01\\\/Liane.jpg\",\"width\":768,\"height\":768},{\"@type\":\"BreadcrumbList\",\"@id\":\"https:\\\/\\\/qualipaciente.com.br\\\/?page_id=514#breadcrumb\",\"itemListElement\":[{\"@type\":\"ListItem\",\"position\":1,\"name\":\"In\u00edcio\",\"item\":\"https:\\\/\\\/qualipaciente.com.br\\\/\"},{\"@type\":\"ListItem\",\"position\":2,\"name\":\"Comiss\u00e3o Cient\u00edfica\"}]},{\"@type\":\"WebSite\",\"@id\":\"https:\\\/\\\/qualipaciente.com.br\\\/#website\",\"url\":\"https:\\\/\\\/qualipaciente.com.br\\\/\",\"name\":\"qualipaciente\",\"description\":\"\",\"publisher\":{\"@id\":\"https:\\\/\\\/qualipaciente.com.br\\\/#organization\"},\"potentialAction\":[{\"@type\":\"SearchAction\",\"target\":{\"@type\":\"EntryPoint\",\"urlTemplate\":\"https:\\\/\\\/qualipaciente.com.br\\\/?s={search_term_string}\"},\"query-input\":{\"@type\":\"PropertyValueSpecification\",\"valueRequired\":true,\"valueName\":\"search_term_string\"}}],\"inLanguage\":\"pt-BR\"},{\"@type\":\"Organization\",\"@id\":\"https:\\\/\\\/qualipaciente.com.br\\\/#organization\",\"name\":\"QualiPaciente AM\",\"url\":\"https:\\\/\\\/qualipaciente.com.br\\\/\",\"logo\":{\"@type\":\"ImageObject\",\"inLanguage\":\"pt-BR\",\"@id\":\"https:\\\/\\\/qualipaciente.com.br\\\/#\\\/schema\\\/logo\\\/image\\\/\",\"url\":\"https:\\\/\\\/qualipaciente.com.br\\\/wp-content\\\/uploads\\\/2023\\\/03\\\/cropped-Logo-sem-fundo.png\",\"contentUrl\":\"https:\\\/\\\/qualipaciente.com.br\\\/wp-content\\\/uploads\\\/2023\\\/03\\\/cropped-Logo-sem-fundo.png\",\"width\":1175,\"height\":373,\"caption\":\"QualiPaciente AM\"},\"image\":{\"@id\":\"https:\\\/\\\/qualipaciente.com.br\\\/#\\\/schema\\\/logo\\\/image\\\/\"},\"sameAs\":[\"https:\\\/\\\/www.facebook.com\\\/qualipacienteam\",\"https:\\\/\\\/www.instagram.com\\\/qualipacienteam\\\/\",\"https:\\\/\\\/www.linkedin.com\\\/company\\\/qualipaciente\"]}]}<\/script>\n<!-- \/ Yoast SEO plugin. -->","yoast_head_json":{"title":"Comiss\u00e3o Cient\u00edfica - qualipaciente","robots":{"index":"index","follow":"follow","max-snippet":"max-snippet:-1","max-image-preview":"max-image-preview:large","max-video-preview":"max-video-preview:-1"},"canonical":"https:\/\/qualipaciente.com.br\/?page_id=514","og_locale":"pt_BR","og_type":"article","og_title":"Comiss\u00e3o Cient\u00edfica - qualipaciente","og_description":"Comiss\u00e3o Cient\u00edfica Liane de Oliveira Cavalcante\u00a0\u00a0 CEO e diretora executiva QUALIPACIENTE\u00a0AM Gilvane Lolato Gerente operacional ONA Paola Andreoli Presidente da SobraspConsultora e docente de Gest\u00e3o e Governan\u00e7a da Qualidade e Seguran\u00e7a em Sa\u00fade Bruna Monteiro Rodrigues Farmac\u00eautica. Mestre em Sa\u00fade, Sociedade e Endemias na Amaz\u00f4nia. Chefe da Unidade de Gest\u00e3o da Pesquisa do HUGV-Ufam\/Ebserh Allan &hellip; Comiss\u00e3o Cient\u00edfica Leia mais &raquo;","og_url":"https:\/\/qualipaciente.com.br\/?page_id=514","og_site_name":"qualipaciente","article_publisher":"https:\/\/www.facebook.com\/qualipacienteam","article_modified_time":"2026-02-06T21:35:48+00:00","og_image":[{"url":"http:\/\/qualipaciente.com.br\/wp-content\/uploads\/2026\/01\/Liane.jpg","type":"","width":"","height":""}],"twitter_card":"summary_large_image","twitter_misc":{"Est. tempo de leitura":"2 minutos"},"schema":{"@context":"https:\/\/schema.org","@graph":[{"@type":"WebPage","@id":"https:\/\/qualipaciente.com.br\/?page_id=514","url":"https:\/\/qualipaciente.com.br\/?page_id=514","name":"Comiss\u00e3o Cient\u00edfica - qualipaciente","isPartOf":{"@id":"https:\/\/qualipaciente.com.br\/#website"},"primaryImageOfPage":{"@id":"https:\/\/qualipaciente.com.br\/?page_id=514#primaryimage"},"image":{"@id":"https:\/\/qualipaciente.com.br\/?page_id=514#primaryimage"},"thumbnailUrl":"http:\/\/qualipaciente.com.br\/wp-content\/uploads\/2026\/01\/Liane.jpg","datePublished":"2023-07-10T16:09:16+00:00","dateModified":"2026-02-06T21:35:48+00:00","breadcrumb":{"@id":"https:\/\/qualipaciente.com.br\/?page_id=514#breadcrumb"},"inLanguage":"pt-BR","potentialAction":[{"@type":"ReadAction","target":["https:\/\/qualipaciente.com.br\/?page_id=514"]}]},{"@type":"ImageObject","inLanguage":"pt-BR","@id":"https:\/\/qualipaciente.com.br\/?page_id=514#primaryimage","url":"https:\/\/qualipaciente.com.br\/wp-content\/uploads\/2026\/01\/Liane.jpg","contentUrl":"https:\/\/qualipaciente.com.br\/wp-content\/uploads\/2026\/01\/Liane.jpg","width":768,"height":768},{"@type":"BreadcrumbList","@id":"https:\/\/qualipaciente.com.br\/?page_id=514#breadcrumb","itemListElement":[{"@type":"ListItem","position":1,"name":"In\u00edcio","item":"https:\/\/qualipaciente.com.br\/"},{"@type":"ListItem","position":2,"name":"Comiss\u00e3o Cient\u00edfica"}]},{"@type":"WebSite","@id":"https:\/\/qualipaciente.com.br\/#website","url":"https:\/\/qualipaciente.com.br\/","name":"qualipaciente","description":"","publisher":{"@id":"https:\/\/qualipaciente.com.br\/#organization"},"potentialAction":[{"@type":"SearchAction","target":{"@type":"EntryPoint","urlTemplate":"https:\/\/qualipaciente.com.br\/?s={search_term_string}"},"query-input":{"@type":"PropertyValueSpecification","valueRequired":true,"valueName":"search_term_string"}}],"inLanguage":"pt-BR"},{"@type":"Organization","@id":"https:\/\/qualipaciente.com.br\/#organization","name":"QualiPaciente AM","url":"https:\/\/qualipaciente.com.br\/","logo":{"@type":"ImageObject","inLanguage":"pt-BR","@id":"https:\/\/qualipaciente.com.br\/#\/schema\/logo\/image\/","url":"https:\/\/qualipaciente.com.br\/wp-content\/uploads\/2023\/03\/cropped-Logo-sem-fundo.png","contentUrl":"https:\/\/qualipaciente.com.br\/wp-content\/uploads\/2023\/03\/cropped-Logo-sem-fundo.png","width":1175,"height":373,"caption":"QualiPaciente AM"},"image":{"@id":"https:\/\/qualipaciente.com.br\/#\/schema\/logo\/image\/"},"sameAs":["https:\/\/www.facebook.com\/qualipacienteam","https:\/\/www.instagram.com\/qualipacienteam\/","https:\/\/www.linkedin.com\/company\/qualipaciente"]}]}},"_links":{"self":[{"href":"https:\/\/qualipaciente.com.br\/index.php?rest_route=\/wp\/v2\/pages\/514","targetHints":{"allow":["GET"]}}],"collection":[{"href":"https:\/\/qualipaciente.com.br\/index.php?rest_route=\/wp\/v2\/pages"}],"about":[{"href":"https:\/\/qualipaciente.com.br\/index.php?rest_route=\/wp\/v2\/types\/page"}],"author":[{"embeddable":true,"href":"https:\/\/qualipaciente.com.br\/index.php?rest_route=\/wp\/v2\/users\/1"}],"replies":[{"embeddable":true,"href":"https:\/\/qualipaciente.com.br\/index.php?rest_route=%2Fwp%2Fv2%2Fcomments&post=514"}],"version-history":[{"count":34,"href":"https:\/\/qualipaciente.com.br\/index.php?rest_route=\/wp\/v2\/pages\/514\/revisions"}],"predecessor-version":[{"id":1070,"href":"https:\/\/qualipaciente.com.br\/index.php?rest_route=\/wp\/v2\/pages\/514\/revisions\/1070"}],"wp:attachment":[{"href":"https:\/\/qualipaciente.com.br\/index.php?rest_route=%2Fwp%2Fv2%2Fmedia&parent=514"}],"curies":[{"name":"wp","href":"https:\/\/api.w.org\/{rel}","templated":true}]}}